{"id":42,"date":"2025-10-06T13:01:10","date_gmt":"2025-10-06T13:01:10","guid":{"rendered":"https:\/\/handicapafrique.org\/?page_id=42"},"modified":"2025-10-06T13:28:19","modified_gmt":"2025-10-06T13:28:19","slug":"documentation","status":"publish","type":"page","link":"https:\/\/handicapafrique.org\/?page_id=42","title":{"rendered":"Documentation"},"content":{"rendered":"\n<p><\/p>\n\n\n\n<p>Cette section est d\u00e9di\u00e9e \u00e0 toutes les ressources utiles concernant l&rsquo;Infirmit\u00e9 Motrice C\u00e9r\u00e9brale (IMC), le handicap au Congo et les activit\u00e9s d&rsquo;Action Handicap Afrique (AHA). Notre objectif est de vous informer, de sensibiliser et de partager les connaissances.<\/p>\n\n\n\n<p>Vous trouverez ici :<\/p>\n\n\n\n<ul class=\"wp-block-list\">\n<li><strong>Rapports d&rsquo;activit\u00e9 annuels :<\/strong> Bilan de nos r\u00e9alisations, impact de nos programmes et \u00e9tats financiers.<\/li>\n\n\n\n<li><strong>Guides et outils pratiques :<\/strong> Conseils pour les parents et les soignants d&rsquo;enfants IMC (exercices simples, gestion du quotidien, d\u00e9marches administratives).<\/li>\n\n\n\n<li><strong>\u00c9tudes de cas et t\u00e9moignages :<\/strong> Histoires inspirantes d&rsquo;enfants que nous accompagnons et de leurs familles.<\/li>\n\n\n\n<li><strong>Documents de sensibilisation :<\/strong> Brochures, affiches et articles sur l&rsquo;IMC et la lutte contre la stigmatisation.<\/li>\n\n\n\n<li><strong>Publications de recherche :<\/strong> Articles et m\u00e9moires sur le handicap moteur au Congo et les bonnes pratiques de r\u00e9\u00e9ducation.<\/li>\n<\/ul>\n\n\n\n<p><strong>T\u00e9l\u00e9chargez nos ressources et contribuez \u00e0 diffuser l&rsquo;information !<\/strong><\/p>\n","protected":false},"excerpt":{"rendered":"<p>Cette section est d\u00e9di\u00e9e \u00e0 toutes les ressources utiles concernant l&rsquo;Infirmit\u00e9 Motrice C\u00e9r\u00e9brale (IMC), le handicap au Congo et les activit\u00e9s d&rsquo;Action Handicap Afrique (AHA). Notre objectif est de vous informer, de sensibiliser et de partager les connaissances. Vous trouverez ici : T\u00e9l\u00e9chargez nos ressources et contribuez \u00e0 diffuser l&rsquo;information !<\/p>\n","protected":false},"author":1,"featured_media":0,"parent":0,"menu_order":0,"comment_status":"closed","ping_status":"closed","template":"","meta":{"footnotes":""},"class_list":["post-42","page","type-page","status-publish","hentry"],"aioseo_notices":[],"_hostinger_reach_plugin_has_subscription_block":false,"_hostinger_reach_plugin_is_elementor":false,"_links":{"self":[{"href":"https:\/\/handicapafrique.org\/index.php?rest_route=\/wp\/v2\/pages\/42","targetHints":{"allow":["GET"]}}],"collection":[{"href":"https:\/\/handicapafrique.org\/index.php?rest_route=\/wp\/v2\/pages"}],"about":[{"href":"https:\/\/handicapafrique.org\/index.php?rest_route=\/wp\/v2\/types\/page"}],"author":[{"embeddable":true,"href":"https:\/\/handicapafrique.org\/index.php?rest_route=\/wp\/v2\/users\/1"}],"replies":[{"embeddable":true,"href":"https:\/\/handicapafrique.org\/index.php?rest_route=%2Fwp%2Fv2%2Fcomments&post=42"}],"version-history":[{"count":3,"href":"https:\/\/handicapafrique.org\/index.php?rest_route=\/wp\/v2\/pages\/42\/revisions"}],"predecessor-version":[{"id":51,"href":"https:\/\/handicapafrique.org\/index.php?rest_route=\/wp\/v2\/pages\/42\/revisions\/51"}],"wp:attachment":[{"href":"https:\/\/handicapafrique.org\/index.php?rest_route=%2Fwp%2Fv2%2Fmedia&parent=42"}],"curies":[{"name":"wp","href":"https:\/\/api.w.org\/{rel}","templated":true}]}}