{"id":9,"date":"2025-10-06T12:43:45","date_gmt":"2025-10-06T12:43:45","guid":{"rendered":"https:\/\/handicapafrique.org\/?page_id=9"},"modified":"2025-10-07T12:51:10","modified_gmt":"2025-10-07T12:51:10","slug":"qui-sommes-nous","status":"publish","type":"page","link":"https:\/\/handicapafrique.org\/?page_id=9","title":{"rendered":"Qui sommes-nous ?"},"content":{"rendered":"<div class=\"wp-block-image\">\n<figure class=\"aligncenter size-large is-resized\"><img loading=\"lazy\" decoding=\"async\" width=\"1024\" height=\"768\" src=\"https:\/\/handicapafrique.org\/wp-content\/uploads\/2025\/10\/IMG_20241108_105550-1024x768.jpg\" alt=\"\" class=\"wp-image-79\" style=\"width:515px;height:auto\" srcset=\"https:\/\/handicapafrique.org\/wp-content\/uploads\/2025\/10\/IMG_20241108_105550-1024x768.jpg 1024w, https:\/\/handicapafrique.org\/wp-content\/uploads\/2025\/10\/IMG_20241108_105550-300x225.jpg 300w, https:\/\/handicapafrique.org\/wp-content\/uploads\/2025\/10\/IMG_20241108_105550-768x576.jpg 768w, https:\/\/handicapafrique.org\/wp-content\/uploads\/2025\/10\/IMG_20241108_105550-1536x1152.jpg 1536w, https:\/\/handicapafrique.org\/wp-content\/uploads\/2025\/10\/IMG_20241108_105550-2048x1536.jpg 2048w\" sizes=\"auto, (max-width: 1024px) 100vw, 1024px\" \/><\/figure><\/div>\n\n\n<h2 class=\"wp-block-heading alignwide\">Action Handicap Afrique<\/h2>\n\n\n\n<p><strong>Action Handicap Afrique (AHA)<\/strong> est une organisation congolaise \u00e0 but non lucratif, d\u00e9di\u00e9e \u00e0 l&rsquo;am\u00e9lioration de la qualit\u00e9 de vie des enfants atteints d&rsquo;<strong>Infirmit\u00e9 Motrice C\u00e9r\u00e9brale (IMC)<\/strong> et de leurs familles en R\u00e9publique du Congo.<\/p>\n\n\n\n<p>Notre mission fondamentale est d&rsquo;assurer un <strong>suivi complet et un appui constant<\/strong> aux enfants IMC. Nous \u0153uvrons pour briser les barri\u00e8res du handicap et de l&rsquo;exclusion en offrant :<\/p>\n\n\n\n<ul class=\"wp-block-list\">\n<li>Un <strong>accompagnement th\u00e9rapeutique individualis\u00e9<\/strong> (physioth\u00e9rapie, orthophonie, ergoth\u00e9rapie).<\/li>\n\n\n\n<li>Un <strong>soutien psychosocial<\/strong> aux familles, souvent confront\u00e9es \u00e0 l&rsquo;isolement et au manque de ressources.<\/li>\n\n\n\n<li>La <strong>sensibilisation<\/strong> des communaut\u00e9s et des autorit\u00e9s sur les r\u00e9alit\u00e9s de l&rsquo;IMC pour promouvoir l&rsquo;inclusion.<\/li>\n<\/ul>\n\n\n\n<p>Chez AHA, nous croyons au <strong>potentiel de chaque enfant<\/strong>. Nous travaillons chaque jour pour transformer les d\u00e9fis en opportunit\u00e9s et garantir que ces enfants aient acc\u00e8s \u00e0 l&rsquo;\u00e9ducation, aux soins et \u00e0 une vie digne, au c\u0153ur de la soci\u00e9t\u00e9 congolaise.<\/p>\n","protected":false},"excerpt":{"rendered":"<p>Action Handicap Afrique Action Handicap Afrique (AHA) est une organisation congolaise \u00e0 but non lucratif, d\u00e9di\u00e9e \u00e0 l&rsquo;am\u00e9lioration de la qualit\u00e9 de vie des enfants atteints d&rsquo;Infirmit\u00e9 Motrice C\u00e9r\u00e9brale (IMC) et de leurs familles en R\u00e9publique du Congo. Notre mission fondamentale est d&rsquo;assurer un suivi complet et un appui constant aux enfants IMC. Nous \u0153uvrons [&hellip;]<\/p>\n","protected":false},"author":1,"featured_media":0,"parent":0,"menu_order":0,"comment_status":"closed","ping_status":"closed","template":"","meta":{"footnotes":""},"class_list":["post-9","page","type-page","status-publish","hentry"],"aioseo_notices":[],"_hostinger_reach_plugin_has_subscription_block":false,"_hostinger_reach_plugin_is_elementor":false,"_links":{"self":[{"href":"https:\/\/handicapafrique.org\/index.php?rest_route=\/wp\/v2\/pages\/9","targetHints":{"allow":["GET"]}}],"collection":[{"href":"https:\/\/handicapafrique.org\/index.php?rest_route=\/wp\/v2\/pages"}],"about":[{"href":"https:\/\/handicapafrique.org\/index.php?rest_route=\/wp\/v2\/types\/page"}],"author":[{"embeddable":true,"href":"https:\/\/handicapafrique.org\/index.php?rest_route=\/wp\/v2\/users\/1"}],"replies":[{"embeddable":true,"href":"https:\/\/handicapafrique.org\/index.php?rest_route=%2Fwp%2Fv2%2Fcomments&post=9"}],"version-history":[{"count":3,"href":"https:\/\/handicapafrique.org\/index.php?rest_route=\/wp\/v2\/pages\/9\/revisions"}],"predecessor-version":[{"id":80,"href":"https:\/\/handicapafrique.org\/index.php?rest_route=\/wp\/v2\/pages\/9\/revisions\/80"}],"wp:attachment":[{"href":"https:\/\/handicapafrique.org\/index.php?rest_route=%2Fwp%2Fv2%2Fmedia&parent=9"}],"curies":[{"name":"wp","href":"https:\/\/api.w.org\/{rel}","templated":true}]}}